{"id":4439,"date":"2021-10-12T16:27:24","date_gmt":"2021-10-12T16:27:24","guid":{"rendered":"http:\/\/dummy.xtemos.com\/woodmart2\/elementor\/?page_id=4439"},"modified":"2026-04-13T21:56:31","modified_gmt":"2026-04-13T19:56:31","slug":"contact","status":"publish","type":"page","link":"https:\/\/www.equilocomotion.fr\/therapie\/contact\/","title":{"rendered":"Nous contacter"},"content":{"rendered":"\t\t<div data-elementor-type=\"wp-page\" data-elementor-id=\"4439\" class=\"elementor elementor-4439\">\n\t\t\t\t<div class=\"wd-negative-gap elementor-element elementor-element-cb322d0 e-flex e-con-boxed e-con e-parent\" data-id=\"cb322d0\" data-element_type=\"container\" data-e-type=\"container\">\n\t\t\t\t\t<div class=\"e-con-inner\">\n\t\t<div class=\"elementor-element elementor-element-1f0abe4 e-con-full e-flex e-con e-child\" data-id=\"1f0abe4\" data-element_type=\"container\" data-e-type=\"container\">\n\t\t\t\t<div class=\"elementor-element elementor-element-071523a wd-width-100 elementor-widget elementor-widget-wd_title\" data-id=\"071523a\" data-element_type=\"widget\" data-e-type=\"widget\" data-widget_type=\"wd_title.default\">\n\t\t\t\t<div class=\"elementor-widget-container\">\n\t\t\t\t\t\t\t<div class=\"title-wrapper wd-set-mb reset-last-child wd-title-color-default wd-title-style-default wd-title-size-default text-left\">\n\n\t\t\t\t\t\t\t\t\t\t\t<div class=\"title-subtitle subtitle-color-default subtitle-style-default wd-fontsize-xs\">\n\t\t\t\t\tINFORMATION\t\t\t\t<\/div>\n\t\t\t\n\t\t\t<div class=\"liner-continer\">\n\t\t\t\t<h2 class=\"woodmart-title-container title wd-fontsize-l\">Horaires et adresse<\/h2> \n\t\t\t\t\t\t\t<\/div>\n\n\t\t\t\t\t<\/div>\n\t\t\t\t\t\t<\/div>\n\t\t\t\t<\/div>\n\t\t\t\t<div class=\"elementor-element elementor-element-2a7c1c6 elementor-widget elementor-widget-wd_accordion\" data-id=\"2a7c1c6\" data-element_type=\"widget\" data-e-type=\"widget\" data-widget_type=\"wd_accordion.default\">\n\t\t\t\t<div class=\"elementor-widget-container\">\n\t\t\t\t\t\n\t\t<div class=\"wd-accordion wd-style-default wd-titles-left wd-opener-pos-right wd-opener-style-arrow\" data-state=\"first\">\n\t\t\t\t\t\t\t\n\t\t\t\t<div class=\"wd-accordion-item\">\n\t\t\t\t\t<div class=\"wd-accordion-title wd-role-btn wd-active\" data-accordion-index=\"0\" tabindex=\"0\">\n\t\t\t\t\t\t<div class=\"wd-accordion-title-text\">\n\t\t\t\t\t\t\t\t\t\t\t\t\t\t<span>\n\t\t\t\t\t\t\t\tAdresse\t\t\t\t\t\t\t<\/span>\n\t\t\t\t\t\t<\/div>\n\t\t\t\t\t\t<span class=\"wd-accordion-opener\"><\/span>\n\t\t\t\t\t<\/div>\n\n\t\t\t\t\t<div class=\"wd-accordion-content wd-entry-content wd-active\" data-accordion-index=\"0\">\n\t\t\t\t\t\t\t\t\t\t\t\t\t\n\t\t\t\t\t\t\t<p><span class=\"wd-list-content list-content\">966 Chemin des Costils<br \/><\/span><span class=\"wd-list-content list-content\">14160 Grangues<br \/>France<\/span><\/p>\n\t\t\t\t\t\t\t\t\t\t\t\t\t\t\t\t\t\t<\/div>\n\t\t\t\t<\/div>\n\t\t\t\t\t\t\t\n\t\t\t\t<div class=\"wd-accordion-item\">\n\t\t\t\t\t<div class=\"wd-accordion-title wd-role-btn\" data-accordion-index=\"1\" tabindex=\"0\">\n\t\t\t\t\t\t<div class=\"wd-accordion-title-text\">\n\t\t\t\t\t\t\t\t\t\t\t\t\t\t<span>\n\t\t\t\t\t\t\t\tNos horaires\t\t\t\t\t\t\t<\/span>\n\t\t\t\t\t\t<\/div>\n\t\t\t\t\t\t<span class=\"wd-accordion-opener\"><\/span>\n\t\t\t\t\t<\/div>\n\n\t\t\t\t\t<div class=\"wd-accordion-content wd-entry-content\" data-accordion-index=\"1\">\n\t\t\t\t\t\t\t\t\t\t\t\t\t\n\t\t\t\t\t\t\t<p>Du lundi au vendredi : de 9H \u00e0 19H<\/p>\n\t\t\t\t\t\t\t\t\t\t\t\t\t\t\t\t\t\t<\/div>\n\t\t\t\t<\/div>\n\t\t\t\t\t<\/div>\n\t\t\t\t\t\t<\/div>\n\t\t\t\t<\/div>\n\t\t\t\t<div class=\"elementor-element elementor-element-b007443 elementor-widget elementor-widget-wd_image_or_svg\" data-id=\"b007443\" data-element_type=\"widget\" data-e-type=\"widget\" data-widget_type=\"wd_image_or_svg.default\">\n\t\t\t\t<div class=\"elementor-widget-container\">\n\t\t\t\t\t\n\t\t<div class=\"wd-image text-left photoswipe-images\">\n\t\t\t\t\t\t\t<a  href=\"https:\/\/www.equilocomotion.fr\/therapie\/wp-content\/uploads\/2026\/04\/equilocomotion.jpg\"data-width=\"1102\" data-height=\"663\" data-elementor-open-lightbox=\"no\" aria-label=\"Image link\">\n\t\t\t\t\t\t\t\t<img loading=\"lazy\" decoding=\"async\" width=\"1102\" height=\"663\" src=\"https:\/\/www.equilocomotion.fr\/therapie\/wp-content\/uploads\/2026\/04\/equilocomotion.jpg\" class=\"attachment-full size-full\" alt=\"\" srcset=\"https:\/\/www.equilocomotion.fr\/therapie\/wp-content\/uploads\/2026\/04\/equilocomotion.jpg 1102w, https:\/\/www.equilocomotion.fr\/therapie\/wp-content\/uploads\/2026\/04\/equilocomotion-400x241.jpg 400w, https:\/\/www.equilocomotion.fr\/therapie\/wp-content\/uploads\/2026\/04\/equilocomotion-768x462.jpg 768w, https:\/\/www.equilocomotion.fr\/therapie\/wp-content\/uploads\/2026\/04\/equilocomotion-430x259.jpg 430w, https:\/\/www.equilocomotion.fr\/therapie\/wp-content\/uploads\/2026\/04\/equilocomotion-700x421.jpg 700w, https:\/\/www.equilocomotion.fr\/therapie\/wp-content\/uploads\/2026\/04\/equilocomotion-150x90.jpg 150w\" sizes=\"auto, (max-width: 1102px) 100vw, 1102px\" \/>\t\t\t\t\t\t\t<\/a>\n\t\t\t\t\t<\/div>\n\n\t\t\t\t\t\t<\/div>\n\t\t\t\t<\/div>\n\t\t\t\t<\/div>\n\t\t<div class=\"elementor-element elementor-element-789122a e-con-full e-flex e-con e-child\" data-id=\"789122a\" data-element_type=\"container\" data-e-type=\"container\">\n\t\t\t\t<div class=\"elementor-element elementor-element-775ddc4 wd-width-100 elementor-widget elementor-widget-wd_title\" data-id=\"775ddc4\" data-element_type=\"widget\" data-e-type=\"widget\" data-widget_type=\"wd_title.default\">\n\t\t\t\t<div class=\"elementor-widget-container\">\n\t\t\t\t\t\t\t<div class=\"title-wrapper wd-set-mb reset-last-child wd-title-color-default wd-title-style-default wd-title-size-default text-left\">\n\n\t\t\t\t\t\t\t\t\t\t\t<div class=\"title-subtitle subtitle-color-default subtitle-style-default wd-fontsize-xs\">\n\t\t\t\t\tINFORMATION\t\t\t\t<\/div>\n\t\t\t\n\t\t\t<div class=\"liner-continer\">\n\t\t\t\t<h2 class=\"woodmart-title-container title wd-fontsize-l\">CONTACT<\/h2> \n\t\t\t\t\t\t\t<\/div>\n\n\t\t\t\t\t<\/div>\n\t\t\t\t\t\t<\/div>\n\t\t\t\t<\/div>\n\t\t\t\t<div class=\"elementor-element elementor-element-3c67846 wd-cf7 elementor-widget elementor-widget-wd_contact_form_7\" data-id=\"3c67846\" data-element_type=\"widget\" data-e-type=\"widget\" data-widget_type=\"wd_contact_form_7.default\">\n\t\t\t\t<div class=\"elementor-widget-container\">\n\t\t\t\t\t\n<div class=\"wpcf7 no-js\" id=\"wpcf7-f1572-o1\" lang=\"en-US\" dir=\"ltr\" data-wpcf7-id=\"1572\">\n<div class=\"screen-reader-response\"><p role=\"status\" aria-live=\"polite\" aria-atomic=\"true\"><\/p> <ul><\/ul><\/div>\n<form action=\"\/therapie\/wp-json\/wp\/v2\/pages\/4439#wpcf7-f1572-o1\" method=\"post\" class=\"wpcf7-form init\" aria-label=\"Contact form\" novalidate=\"novalidate\" data-status=\"init\">\n<fieldset class=\"hidden-fields-container\"><input type=\"hidden\" name=\"_wpcf7\" value=\"1572\" \/><input type=\"hidden\" name=\"_wpcf7_version\" value=\"6.1.5\" \/><input type=\"hidden\" name=\"_wpcf7_locale\" value=\"en_US\" \/><input type=\"hidden\" name=\"_wpcf7_unit_tag\" value=\"wpcf7-f1572-o1\" \/><input type=\"hidden\" name=\"_wpcf7_container_post\" value=\"0\" \/><input type=\"hidden\" name=\"_wpcf7_posted_data_hash\" value=\"\" \/>\n<\/fieldset>\n<div class=\"wd-grid-g\">\n\t<div class=\"wd-grid-f-stretch\">\n\t\t<div class=\"wd-col\">\n\t\t\t<p><label>Int\u00e9ret<\/label><span class=\"wpcf7-form-control-wrap\" data-name=\"interet\"><select class=\"wpcf7-form-control wpcf7-select wpcf7-validates-as-required\" aria-required=\"true\" aria-invalid=\"false\" name=\"interet\"><option value=\"\"><\/option><option value=\"Pour les Particuliers\">Pour les Particuliers<\/option><option value=\"Pour les Institutions\">Pour les Institutions<\/option><option value=\"Pour les Entreprises\">Pour les Entreprises<\/option><option value=\"Pour les Personnels Sp\u00e9cialis\u00e9s\">Pour les Personnels Sp\u00e9cialis\u00e9s<\/option><option value=\"Autres\">Autres<\/option><\/select><\/span>\n\t\t\t<\/p>\n\t\t<\/div>\n\t<\/div>\n\t<div class=\"wd-grid-f-stretch\">\n\t\t<div class=\"wd-col\">\n\t\t\t<p><label>Votre Nom<\/label><span class=\"wpcf7-form-control-wrap\" data-name=\"your-name\"><input size=\"40\" maxlength=\"400\" class=\"wpcf7-form-control wpcf7-text wpcf7-validates-as-required\" aria-required=\"true\" aria-invalid=\"false\" value=\"\" type=\"text\" name=\"your-name\" \/><\/span>\n\t\t\t<\/p>\n\t\t<\/div>\n\t\t<div class=\"wd-col\">\n\t\t\t<p><label>Votre Email<\/label><span class=\"wpcf7-form-control-wrap\" data-name=\"your-email\"><input size=\"40\" maxlength=\"400\" class=\"wpcf7-form-control wpcf7-email wpcf7-validates-as-required wpcf7-text wpcf7-validates-as-email\" aria-required=\"true\" aria-invalid=\"false\" value=\"\" type=\"email\" name=\"your-email\" \/><\/span>\n\t\t\t<\/p>\n\t\t<\/div>\n\t<\/div>\n\t<div class=\"wd-grid-f-stretch\">\n\t\t<div class=\"wd-col\">\n\t\t\t<p><label>T\u00e9l\u00e9phone<\/label><span class=\"wpcf7-form-control-wrap\" data-name=\"your-phone\"><input size=\"40\" maxlength=\"400\" class=\"wpcf7-form-control wpcf7-tel wpcf7-validates-as-required wpcf7-text wpcf7-validates-as-tel\" aria-required=\"true\" aria-invalid=\"false\" value=\"\" type=\"tel\" name=\"your-phone\" \/><\/span>\n\t\t\t<\/p>\n\t\t<\/div>\n\t\t<div class=\"wd-col\">\n\t\t\t<p><label>Soci\u00e9t\u00e9<\/label><span class=\"wpcf7-form-control-wrap\" data-name=\"your-company\"><input size=\"40\" maxlength=\"400\" class=\"wpcf7-form-control wpcf7-text\" aria-invalid=\"false\" value=\"\" type=\"text\" name=\"your-company\" \/><\/span>\n\t\t\t<\/p>\n\t\t<\/div>\n\t<\/div>\n\t<div>\n\t\t<p><label>Votre Message<\/label><span class=\"wpcf7-form-control-wrap\" data-name=\"your-message\"><textarea cols=\"40\" rows=\"10\" maxlength=\"2000\" class=\"wpcf7-form-control wpcf7-textarea\" aria-invalid=\"false\" name=\"your-message\"><\/textarea><\/span>\n\t\t<\/p>\n\t<\/div>\n\t<div>\n\t\t<p><input class=\"wpcf7-form-control wpcf7-submit has-spinner btn-color-black\" type=\"submit\" value=\"ENVOYER\" \/>\n\t\t<\/p>\n\t<\/div>\n<\/div><div class=\"wpcf7-response-output\" aria-hidden=\"true\"><\/div>\n<\/form>\n<\/div>\n\t\t\t\t<\/div>\n\t\t\t\t<\/div>\n\t\t\t\t<\/div>\n\t\t\t\t\t<\/div>\n\t\t\t\t<\/div>\n\t\t\t\t<\/div>\n\t\t","protected":false},"excerpt":{"rendered":"<p>INFORMATION Horaires et adresse Adresse 966 Chemin des Costils14160 GranguesFrance Nos horaires Du lundi au vendredi : de 9H \u00e0<\/p>\n","protected":false},"author":1,"featured_media":0,"parent":0,"menu_order":0,"comment_status":"closed","ping_status":"closed","template":"","meta":{"footnotes":""},"class_list":["post-4439","page","type-page","status-publish","hentry"],"yoast_head":"<!-- This site is optimized with the Yoast SEO plugin v27.3 - https:\/\/yoast.com\/product\/yoast-seo-wordpress\/ -->\n<title>Nous contacter - Equilocomotion<\/title>\n<meta name=\"description\" content=\"L&#039;\u00e9quith\u00e9rapie, c&#039;est un voyage de gu\u00e9rison \u00e0 dos de cheval.\" \/>\n<meta name=\"robots\" content=\"index, follow, max-snippet:-1, max-image-preview:large, max-video-preview:-1\" \/>\n<link rel=\"canonical\" href=\"https:\/\/www.equilocomotion.fr\/therapie\/contact\/\" \/>\n<meta property=\"og:locale\" content=\"fr_FR\" \/>\n<meta property=\"og:type\" content=\"article\" \/>\n<meta property=\"og:title\" content=\"Nous contacter - Equilocomotion\" \/>\n<meta property=\"og:description\" content=\"L&#039;\u00e9quith\u00e9rapie, c&#039;est un voyage de gu\u00e9rison \u00e0 dos de cheval.\" \/>\n<meta property=\"og:url\" content=\"https:\/\/www.equilocomotion.fr\/therapie\/contact\/\" \/>\n<meta property=\"og:site_name\" content=\"Equilocomotion\" \/>\n<meta property=\"article:modified_time\" content=\"2026-04-13T19:56:31+00:00\" \/>\n<meta property=\"og:image\" content=\"https:\/\/www.equilocomotion.fr\/therapie\/wp-content\/uploads\/2026\/04\/equilocomotion.jpg\" \/>\n<meta name=\"twitter:card\" content=\"summary_large_image\" \/>\n<meta name=\"twitter:label1\" content=\"Dur\u00e9e de lecture estim\u00e9e\" \/>\n\t<meta name=\"twitter:data1\" content=\"1 minute\" \/>\n<script type=\"application\/ld+json\" class=\"yoast-schema-graph\">{\"@context\":\"https:\\\/\\\/schema.org\",\"@graph\":[{\"@type\":\"WebPage\",\"@id\":\"https:\\\/\\\/www.equilocomotion.fr\\\/therapie\\\/contact\\\/\",\"url\":\"https:\\\/\\\/www.equilocomotion.fr\\\/therapie\\\/contact\\\/\",\"name\":\"Nous contacter - Equilocomotion\",\"isPartOf\":{\"@id\":\"https:\\\/\\\/www.equilocomotion.fr\\\/therapie\\\/#website\"},\"primaryImageOfPage\":{\"@id\":\"https:\\\/\\\/www.equilocomotion.fr\\\/therapie\\\/contact\\\/#primaryimage\"},\"image\":{\"@id\":\"https:\\\/\\\/www.equilocomotion.fr\\\/therapie\\\/contact\\\/#primaryimage\"},\"thumbnailUrl\":\"https:\\\/\\\/www.equilocomotion.fr\\\/therapie\\\/wp-content\\\/uploads\\\/2026\\\/04\\\/equilocomotion.jpg\",\"datePublished\":\"2021-10-12T16:27:24+00:00\",\"dateModified\":\"2026-04-13T19:56:31+00:00\",\"description\":\"L'\u00e9quith\u00e9rapie, c'est un voyage de gu\u00e9rison \u00e0 dos de cheval.\",\"breadcrumb\":{\"@id\":\"https:\\\/\\\/www.equilocomotion.fr\\\/therapie\\\/contact\\\/#breadcrumb\"},\"inLanguage\":\"fr-FR\",\"potentialAction\":[{\"@type\":\"ReadAction\",\"target\":[\"https:\\\/\\\/www.equilocomotion.fr\\\/therapie\\\/contact\\\/\"]}]},{\"@type\":\"ImageObject\",\"inLanguage\":\"fr-FR\",\"@id\":\"https:\\\/\\\/www.equilocomotion.fr\\\/therapie\\\/contact\\\/#primaryimage\",\"url\":\"https:\\\/\\\/www.equilocomotion.fr\\\/therapie\\\/wp-content\\\/uploads\\\/2026\\\/04\\\/equilocomotion.jpg\",\"contentUrl\":\"https:\\\/\\\/www.equilocomotion.fr\\\/therapie\\\/wp-content\\\/uploads\\\/2026\\\/04\\\/equilocomotion.jpg\"},{\"@type\":\"BreadcrumbList\",\"@id\":\"https:\\\/\\\/www.equilocomotion.fr\\\/therapie\\\/contact\\\/#breadcrumb\",\"itemListElement\":[{\"@type\":\"ListItem\",\"position\":1,\"name\":\"Accueil\",\"item\":\"https:\\\/\\\/www.equilocomotion.fr\\\/therapie\\\/\"},{\"@type\":\"ListItem\",\"position\":2,\"name\":\"Nous contacter\"}]},{\"@type\":\"WebSite\",\"@id\":\"https:\\\/\\\/www.equilocomotion.fr\\\/therapie\\\/#website\",\"url\":\"https:\\\/\\\/www.equilocomotion.fr\\\/therapie\\\/\",\"name\":\"Equilocomotion\",\"description\":\"L\u2019\u00e9quith\u00e9rapie est une technique innovante qui permet d&#039;acqu\u00e9rir rapidement une meilleure estime de soi.\",\"publisher\":{\"@id\":\"https:\\\/\\\/www.equilocomotion.fr\\\/therapie\\\/#organization\"},\"alternateName\":\"\u00c9quilocomotion - \u00c9quith\u00e9rapie\",\"potentialAction\":[{\"@type\":\"SearchAction\",\"target\":{\"@type\":\"EntryPoint\",\"urlTemplate\":\"https:\\\/\\\/www.equilocomotion.fr\\\/therapie\\\/?s={search_term_string}\"},\"query-input\":{\"@type\":\"PropertyValueSpecification\",\"valueRequired\":true,\"valueName\":\"search_term_string\"}}],\"inLanguage\":\"fr-FR\"},{\"@type\":\"Organization\",\"@id\":\"https:\\\/\\\/www.equilocomotion.fr\\\/therapie\\\/#organization\",\"name\":\"L\u2019\u00e9quith\u00e9rapie est une technique innovante qui permet d'acqu\u00e9rir rapidement une meilleure estime de soi.\",\"url\":\"https:\\\/\\\/www.equilocomotion.fr\\\/therapie\\\/\",\"logo\":{\"@type\":\"ImageObject\",\"inLanguage\":\"fr-FR\",\"@id\":\"https:\\\/\\\/www.equilocomotion.fr\\\/therapie\\\/#\\\/schema\\\/logo\\\/image\\\/\",\"url\":\"https:\\\/\\\/www.equilocomotion.fr\\\/therapie\\\/wp-content\\\/uploads\\\/2026\\\/04\\\/equilocomotion_logo_transparent.svg\",\"contentUrl\":\"https:\\\/\\\/www.equilocomotion.fr\\\/therapie\\\/wp-content\\\/uploads\\\/2026\\\/04\\\/equilocomotion_logo_transparent.svg\",\"width\":120,\"height\":109,\"caption\":\"L\u2019\u00e9quith\u00e9rapie est une technique innovante qui permet d'acqu\u00e9rir rapidement une meilleure estime de soi.\"},\"image\":{\"@id\":\"https:\\\/\\\/www.equilocomotion.fr\\\/therapie\\\/#\\\/schema\\\/logo\\\/image\\\/\"}}]}<\/script>\n<!-- \/ Yoast SEO plugin. -->","yoast_head_json":{"title":"Nous contacter - Equilocomotion","description":"L'\u00e9quith\u00e9rapie, c'est un voyage de gu\u00e9rison \u00e0 dos de cheval.","robots":{"index":"index","follow":"follow","max-snippet":"max-snippet:-1","max-image-preview":"max-image-preview:large","max-video-preview":"max-video-preview:-1"},"canonical":"https:\/\/www.equilocomotion.fr\/therapie\/contact\/","og_locale":"fr_FR","og_type":"article","og_title":"Nous contacter - Equilocomotion","og_description":"L'\u00e9quith\u00e9rapie, c'est un voyage de gu\u00e9rison \u00e0 dos de cheval.","og_url":"https:\/\/www.equilocomotion.fr\/therapie\/contact\/","og_site_name":"Equilocomotion","article_modified_time":"2026-04-13T19:56:31+00:00","og_image":[{"url":"https:\/\/www.equilocomotion.fr\/therapie\/wp-content\/uploads\/2026\/04\/equilocomotion.jpg","type":"","width":"","height":""}],"twitter_card":"summary_large_image","twitter_misc":{"Dur\u00e9e de lecture estim\u00e9e":"1 minute"},"schema":{"@context":"https:\/\/schema.org","@graph":[{"@type":"WebPage","@id":"https:\/\/www.equilocomotion.fr\/therapie\/contact\/","url":"https:\/\/www.equilocomotion.fr\/therapie\/contact\/","name":"Nous contacter - Equilocomotion","isPartOf":{"@id":"https:\/\/www.equilocomotion.fr\/therapie\/#website"},"primaryImageOfPage":{"@id":"https:\/\/www.equilocomotion.fr\/therapie\/contact\/#primaryimage"},"image":{"@id":"https:\/\/www.equilocomotion.fr\/therapie\/contact\/#primaryimage"},"thumbnailUrl":"https:\/\/www.equilocomotion.fr\/therapie\/wp-content\/uploads\/2026\/04\/equilocomotion.jpg","datePublished":"2021-10-12T16:27:24+00:00","dateModified":"2026-04-13T19:56:31+00:00","description":"L'\u00e9quith\u00e9rapie, c'est un voyage de gu\u00e9rison \u00e0 dos de cheval.","breadcrumb":{"@id":"https:\/\/www.equilocomotion.fr\/therapie\/contact\/#breadcrumb"},"inLanguage":"fr-FR","potentialAction":[{"@type":"ReadAction","target":["https:\/\/www.equilocomotion.fr\/therapie\/contact\/"]}]},{"@type":"ImageObject","inLanguage":"fr-FR","@id":"https:\/\/www.equilocomotion.fr\/therapie\/contact\/#primaryimage","url":"https:\/\/www.equilocomotion.fr\/therapie\/wp-content\/uploads\/2026\/04\/equilocomotion.jpg","contentUrl":"https:\/\/www.equilocomotion.fr\/therapie\/wp-content\/uploads\/2026\/04\/equilocomotion.jpg"},{"@type":"BreadcrumbList","@id":"https:\/\/www.equilocomotion.fr\/therapie\/contact\/#breadcrumb","itemListElement":[{"@type":"ListItem","position":1,"name":"Accueil","item":"https:\/\/www.equilocomotion.fr\/therapie\/"},{"@type":"ListItem","position":2,"name":"Nous contacter"}]},{"@type":"WebSite","@id":"https:\/\/www.equilocomotion.fr\/therapie\/#website","url":"https:\/\/www.equilocomotion.fr\/therapie\/","name":"Equilocomotion","description":"L\u2019\u00e9quith\u00e9rapie est une technique innovante qui permet d&#039;acqu\u00e9rir rapidement une meilleure estime de soi.","publisher":{"@id":"https:\/\/www.equilocomotion.fr\/therapie\/#organization"},"alternateName":"\u00c9quilocomotion - \u00c9quith\u00e9rapie","potentialAction":[{"@type":"SearchAction","target":{"@type":"EntryPoint","urlTemplate":"https:\/\/www.equilocomotion.fr\/therapie\/?s={search_term_string}"},"query-input":{"@type":"PropertyValueSpecification","valueRequired":true,"valueName":"search_term_string"}}],"inLanguage":"fr-FR"},{"@type":"Organization","@id":"https:\/\/www.equilocomotion.fr\/therapie\/#organization","name":"L\u2019\u00e9quith\u00e9rapie est une technique innovante qui permet d'acqu\u00e9rir rapidement une meilleure estime de soi.","url":"https:\/\/www.equilocomotion.fr\/therapie\/","logo":{"@type":"ImageObject","inLanguage":"fr-FR","@id":"https:\/\/www.equilocomotion.fr\/therapie\/#\/schema\/logo\/image\/","url":"https:\/\/www.equilocomotion.fr\/therapie\/wp-content\/uploads\/2026\/04\/equilocomotion_logo_transparent.svg","contentUrl":"https:\/\/www.equilocomotion.fr\/therapie\/wp-content\/uploads\/2026\/04\/equilocomotion_logo_transparent.svg","width":120,"height":109,"caption":"L\u2019\u00e9quith\u00e9rapie est une technique innovante qui permet d'acqu\u00e9rir rapidement une meilleure estime de soi."},"image":{"@id":"https:\/\/www.equilocomotion.fr\/therapie\/#\/schema\/logo\/image\/"}}]}},"_links":{"self":[{"href":"https:\/\/www.equilocomotion.fr\/therapie\/wp-json\/wp\/v2\/pages\/4439","targetHints":{"allow":["GET"]}}],"collection":[{"href":"https:\/\/www.equilocomotion.fr\/therapie\/wp-json\/wp\/v2\/pages"}],"about":[{"href":"https:\/\/www.equilocomotion.fr\/therapie\/wp-json\/wp\/v2\/types\/page"}],"author":[{"embeddable":true,"href":"https:\/\/www.equilocomotion.fr\/therapie\/wp-json\/wp\/v2\/users\/1"}],"replies":[{"embeddable":true,"href":"https:\/\/www.equilocomotion.fr\/therapie\/wp-json\/wp\/v2\/comments?post=4439"}],"version-history":[{"count":24,"href":"https:\/\/www.equilocomotion.fr\/therapie\/wp-json\/wp\/v2\/pages\/4439\/revisions"}],"predecessor-version":[{"id":29990,"href":"https:\/\/www.equilocomotion.fr\/therapie\/wp-json\/wp\/v2\/pages\/4439\/revisions\/29990"}],"wp:attachment":[{"href":"https:\/\/www.equilocomotion.fr\/therapie\/wp-json\/wp\/v2\/media?parent=4439"}],"curies":[{"name":"wp","href":"https:\/\/api.w.org\/{rel}","templated":true}]}}